{"id":36,"date":"2020-10-25T10:12:07","date_gmt":"2020-10-25T09:12:07","guid":{"rendered":"http:\/\/moulinakwom.fr\/?page_id=36"},"modified":"2025-07-31T15:15:56","modified_gmt":"2025-07-31T13:15:56","slug":"tarifs","status":"publish","type":"page","link":"https:\/\/moulinakwom.fr\/?page_id=36","title":{"rendered":"Tarifs"},"content":{"rendered":"\n<h2 class=\"wp-block-heading\">Tarifs 2025-2026<\/h2>\n\n\n\n<p>La location s&#8217;effectue \u00e0 la semaine du samedi au samedi entre le 1er juillet&nbsp;et le 31 Aout (Arriv\u00e9e le samedi \u00e0 partir de 16 heures, d\u00e9part le samedi avant 10 heures)<\/p>\n\n\n\n<p>Possibilit\u00e9 de louer a la journ\u00e9e&nbsp;en dehors des mois de Juillet et Aout.<\/p>\n\n\n\n<p>Tarifs:<\/p>\n\n\n\n<p>Juillet &#8211; Aout 850\u00a0Euros par semaine<\/p>\n\n\n\n<p>Mars \u00e0 Juin et Septembre \u00e0 Novembre 150\u00a0Euros par nuit (sur demande uniquement)<\/p>\n\n\n\n<p>Conditions de r\u00e8glement : 200 Euros \u00e0 la r\u00e9servation, le solde 1 mois avant l&#8217;arriv\u00e9e<\/p>\n\n\n\n<p>Caution : 300 Euros&nbsp; \u00e0&nbsp;envoyer en m\u00eame temps que le solde&nbsp;et restitu\u00e9e lors du d\u00e9part<\/p>\n\n\n\n<p>Taxe de s\u00e9jour : 0,70 euros par adulte et par nuit\u00e9e<\/p>\n\n\n\n<p>Options :<\/p>\n\n\n\n<ul class=\"wp-block-list\">\n<li>Drap et linge de toilette : inclus<\/li>\n\n\n\n<li>Petit d\u00e9jeuner : 10 euros par personne et par jour<\/li>\n\n\n\n<li>M\u00e9nage complet \u00e0 la fin du s\u00e9jour : Forfait de 120 Euros<\/li>\n<\/ul>\n\n\n\n<p>Le m\u00e9nage est factur\u00e9 si le gite n&#8217;est pas rendu propre pour les suivants<\/p>\n","protected":false},"excerpt":{"rendered":"<p>Tarifs 2025-2026 La location s&#8217;effectue \u00e0 la semaine du samedi au samedi entre le 1er juillet&nbsp;et le 31 Aout (Arriv\u00e9e le samedi \u00e0 partir de 16 heures, d\u00e9part le samedi avant 10 heures) Possibilit\u00e9 de louer a la journ\u00e9e&nbsp;en dehors des mois de Juillet et Aout. Tarifs: Juillet &#8211; Aout 850\u00a0Euros par semaine Mars \u00e0 [&hellip;]<\/p>\n","protected":false},"author":1,"featured_media":0,"parent":0,"menu_order":1,"comment_status":"closed","ping_status":"closed","template":"","meta":{"footnotes":""},"class_list":["post-36","page","type-page","status-publish","hentry"],"_links":{"self":[{"href":"https:\/\/moulinakwom.fr\/index.php?rest_route=\/wp\/v2\/pages\/36","targetHints":{"allow":["GET"]}}],"collection":[{"href":"https:\/\/moulinakwom.fr\/index.php?rest_route=\/wp\/v2\/pages"}],"about":[{"href":"https:\/\/moulinakwom.fr\/index.php?rest_route=\/wp\/v2\/types\/page"}],"author":[{"embeddable":true,"href":"https:\/\/moulinakwom.fr\/index.php?rest_route=\/wp\/v2\/users\/1"}],"replies":[{"embeddable":true,"href":"https:\/\/moulinakwom.fr\/index.php?rest_route=%2Fwp%2Fv2%2Fcomments&post=36"}],"version-history":[{"count":5,"href":"https:\/\/moulinakwom.fr\/index.php?rest_route=\/wp\/v2\/pages\/36\/revisions"}],"predecessor-version":[{"id":96,"href":"https:\/\/moulinakwom.fr\/index.php?rest_route=\/wp\/v2\/pages\/36\/revisions\/96"}],"wp:attachment":[{"href":"https:\/\/moulinakwom.fr\/index.php?rest_route=%2Fwp%2Fv2%2Fmedia&parent=36"}],"curies":[{"name":"wp","href":"https:\/\/api.w.org\/{rel}","templated":true}]}}