{"id":2,"date":"2020-10-25T08:50:20","date_gmt":"2020-10-25T07:50:20","guid":{"rendered":"http:\/\/moulinakwom.fr\/?page_id=2"},"modified":"2020-10-25T10:58:13","modified_gmt":"2020-10-25T09:58:13","slug":"page-d-exemple","status":"publish","type":"page","link":"https:\/\/moulinakwom.fr\/","title":{"rendered":"Bienvenue sur le site du Moulin d&#8217;Akwom"},"content":{"rendered":"\n<p class=\"has-medium-font-size\">G\u00eete de p\u00eache et de vacances situ\u00e9 sur les bords du THOUET dans les Deux S\u00e8vres<\/p>\n\n\n\n<p class=\"has-medium-font-size\">Pour nous contacter envoyer un mail&nbsp;\u00e0&nbsp;<a href=\"mailto:moulin.akwom@hotmail.fr\">moulin.akwom@hotmail.fr<\/a><\/p>\n\n\n\n<p class=\"has-medium-font-size\"> Le g\u00eete est situ\u00e9 en bord de la rivi\u00e8re&nbsp;<em>Thouet<\/em>, dans&nbsp; le hameau de&nbsp;<em><strong>Praillon (79100 Miss\u00e9).<\/strong><\/em><br>&nbsp;<br>A&nbsp;5 km de Thouars (tous commerces, restaurants, ville&nbsp;pittoresque).<br><\/p>\n\n\n\n<div class=\"wp-block-media-text alignwide has-media-on-the-right\" style=\"grid-template-columns:auto 33%\"><figure class=\"wp-block-media-text__media\"><img loading=\"lazy\" decoding=\"async\" width=\"1024\" height=\"576\" src=\"http:\/\/moulinakwom.fr\/wp-content\/uploads\/2020\/10\/rdc01-1024x576.jpg\" alt=\"\" class=\"wp-image-16\" srcset=\"https:\/\/moulinakwom.fr\/wp-content\/uploads\/2020\/10\/rdc01-1024x576.jpg 1024w, https:\/\/moulinakwom.fr\/wp-content\/uploads\/2020\/10\/rdc01-300x169.jpg 300w, https:\/\/moulinakwom.fr\/wp-content\/uploads\/2020\/10\/rdc01-768x432.jpg 768w\" sizes=\"auto, (max-width: 1024px) 100vw, 1024px\" \/><\/figure><div class=\"wp-block-media-text__content\">\n<p class=\"has-medium-font-size\">\n\nLa maison est un ancien moulin (1867) r\u00e9nov\u00e9.&nbsp;L&#8217;int\u00e9rieur, sur 4 niveaux, a \u00e9t\u00e9 totalement refait,&nbsp;avec tout le confort moderne (lave linge, lave vaisselle,&nbsp;micro-ondes&#8230;). Une salle de bain, une salle d&#8217;eau avec douche, deux WC \n\n<\/p>\n<\/div><\/div>\n\n\n\n<p class=\"has-medium-font-size\"> Un Jardin avec\u00a0Barbecue s&#8217;\u00e9tend jusqu&#8217;au bord du Thouet vous permettra de profiter\u00a0du bon air, et un salon spacieux pour partager un bon moment en famille ou entre amis <\/p>\n\n\n\n<div class=\"wp-block-media-text alignwide\" style=\"grid-template-columns:34% auto\"><figure class=\"wp-block-media-text__media\"><img loading=\"lazy\" decoding=\"async\" width=\"1024\" height=\"685\" src=\"http:\/\/moulinakwom.fr\/wp-content\/uploads\/2020\/10\/DSC_3058-1024x685.jpg\" alt=\"\" class=\"wp-image-15\" srcset=\"https:\/\/moulinakwom.fr\/wp-content\/uploads\/2020\/10\/DSC_3058-1024x685.jpg 1024w, https:\/\/moulinakwom.fr\/wp-content\/uploads\/2020\/10\/DSC_3058-300x201.jpg 300w, https:\/\/moulinakwom.fr\/wp-content\/uploads\/2020\/10\/DSC_3058-768x514.jpg 768w\" sizes=\"auto, (max-width: 1024px) 100vw, 1024px\" \/><\/figure><div class=\"wp-block-media-text__content\">\n<p class=\"has-medium-font-size\"> Il&nbsp; est \u00e9quip\u00e9 pour&nbsp;<strong>10 personnes (+ 2 B\u00e9b\u00e9s)<\/strong>&nbsp;avec&nbsp; 5&nbsp; chambres spacieuses, un grand salon au premier \u00e9tage et une&nbsp; cuisine s\u00e9jour avec terrasse au rez-de-chauss\u00e9e. <\/p>\n\n\n\n<p class=\"has-medium-font-size\">\n\nPr\u00e8s de 200 m\u00b2 rien que pour vous.\n\n<\/p>\n<\/div><\/div>\n\n\n\n<p><\/p>\n","protected":false},"excerpt":{"rendered":"<p>G\u00eete de p\u00eache et de vacances situ\u00e9 sur les bords du THOUET dans les Deux S\u00e8vres Pour nous contacter envoyer un mail&nbsp;\u00e0&nbsp;moulin.akwom@hotmail.fr Le g\u00eete est situ\u00e9 en bord de la rivi\u00e8re&nbsp;Thouet, dans&nbsp; le hameau de&nbsp;Praillon (79100 Miss\u00e9).&nbsp;A&nbsp;5 km de Thouars (tous commerces, restaurants, ville&nbsp;pittoresque). La maison est un ancien moulin (1867) r\u00e9nov\u00e9.&nbsp;L&#8217;int\u00e9rieur, sur 4 niveaux, [&hellip;]<\/p>\n","protected":false},"author":1,"featured_media":0,"parent":0,"menu_order":0,"comment_status":"closed","ping_status":"open","template":"","meta":{"footnotes":""},"class_list":["post-2","page","type-page","status-publish","hentry"],"_links":{"self":[{"href":"https:\/\/moulinakwom.fr\/index.php?rest_route=\/wp\/v2\/pages\/2","targetHints":{"allow":["GET"]}}],"collection":[{"href":"https:\/\/moulinakwom.fr\/index.php?rest_route=\/wp\/v2\/pages"}],"about":[{"href":"https:\/\/moulinakwom.fr\/index.php?rest_route=\/wp\/v2\/types\/page"}],"author":[{"embeddable":true,"href":"https:\/\/moulinakwom.fr\/index.php?rest_route=\/wp\/v2\/users\/1"}],"replies":[{"embeddable":true,"href":"https:\/\/moulinakwom.fr\/index.php?rest_route=%2Fwp%2Fv2%2Fcomments&post=2"}],"version-history":[{"count":6,"href":"https:\/\/moulinakwom.fr\/index.php?rest_route=\/wp\/v2\/pages\/2\/revisions"}],"predecessor-version":[{"id":76,"href":"https:\/\/moulinakwom.fr\/index.php?rest_route=\/wp\/v2\/pages\/2\/revisions\/76"}],"wp:attachment":[{"href":"https:\/\/moulinakwom.fr\/index.php?rest_route=%2Fwp%2Fv2%2Fmedia&parent=2"}],"curies":[{"name":"wp","href":"https:\/\/api.w.org\/{rel}","templated":true}]}}